{"id":5707,"date":"2015-02-19T09:48:19","date_gmt":"2015-02-19T09:48:19","guid":{"rendered":"http:\/\/demo2.wpresidence.net\/?page_id=5707"},"modified":"2025-09-15T09:40:33","modified_gmt":"2025-09-15T09:40:33","slug":"contact-us-3","status":"publish","type":"page","link":"https:\/\/urbanprimeestate.com\/en\/contact-us-3\/","title":{"rendered":"Contact"},"content":{"rendered":"<div data-elementor-type=\"wp-page\" data-elementor-id=\"5707\" class=\"elementor elementor-5707\">\n\t\t\t\t<div class=\"elementor-element elementor-element-1a84a1cb e-flex e-con-boxed e-con e-parent\" data-id=\"1a84a1cb\" data-element_type=\"container\">\n\t\t\t\t\t<div class=\"e-con-inner\">\n\t\t\t\t<div class=\"elementor-element elementor-element-49ccbc21 elementor-widget elementor-widget-text-editor\" data-id=\"49ccbc21\" data-element_type=\"widget\" data-widget_type=\"text-editor.default\">\n\t\t\t\t\t\t\t\t\t<p>Que vous recherchiez une propri\u00e9t\u00e9 \u00e0 acheter ou \u00e0 vendre, <strong>Urban Prime Estate<\/strong> simplifie vos recherches.<\/p><p>Gr\u00e2ce \u00e0 notre fonctionnalit\u00e9 exclusive de cartographie par g\u00e9olocalisation, trouvez rapidement la villa, la maison de ville ou l\u2019appartement id\u00e9al et contactez directement les promoteurs. Nous vous aidons \u00e0 trouver la maison de vos r\u00eaves en quelques instants.<\/p><p>Qu\u2019il s\u2019agisse de vous accompagner dans la recherche de votre futur logement, de discuter des nouveaux projets immobiliers ou de vous assister dans la mise en avant de votre bien, nous serions ravis de vous aider.<\/p><p>N\u2019h\u00e9sitez pas \u00e0 nous contacter pour toute question !<\/p>\t\t\t\t\t\t\t\t<\/div>\n\t\t\t\t\t<\/div>\n\t\t\t\t<\/div>\n\t\t\t\t<\/div>","protected":false},"excerpt":{"rendered":"<p>Que vous recherchiez une propri\u00e9t\u00e9 \u00e0 acheter ou \u00e0 vendre, Urban Prime Estate simplifie vos recherches. Gr\u00e2ce \u00e0 notre fonctionnalit\u00e9 exclusive de cartographie par g\u00e9olocalisation, trouvez rapidement la villa, la maison de ville ou l\u2019appartement id\u00e9al et contactez directement les promoteurs. Nous vous aidons \u00e0 trouver la maison de vos r\u00eaves en quelques instants. Qu\u2019il s\u2019agisse de vous accompagner dans la recherche de votre &#8230;<\/p>","protected":false},"author":1,"featured_media":0,"parent":0,"menu_order":0,"comment_status":"open","ping_status":"open","template":"page-templates\/contact_page.php","meta":{"inline_featured_image":false,"_monsterinsights_skip_tracking":false,"_monsterinsights_sitenote_active":false,"_monsterinsights_sitenote_note":"","_monsterinsights_sitenote_category":0,"footnotes":""},"class_list":["post-5707","page","type-page","status-publish","hentry"],"aioseo_notices":[],"_hostinger_reach_plugin_has_subscription_block":false,"_hostinger_reach_plugin_is_elementor":false,"_links":{"self":[{"href":"https:\/\/urbanprimeestate.com\/en\/wp-json\/wp\/v2\/pages\/5707","targetHints":{"allow":["GET"]}}],"collection":[{"href":"https:\/\/urbanprimeestate.com\/en\/wp-json\/wp\/v2\/pages"}],"about":[{"href":"https:\/\/urbanprimeestate.com\/en\/wp-json\/wp\/v2\/types\/page"}],"author":[{"embeddable":true,"href":"https:\/\/urbanprimeestate.com\/en\/wp-json\/wp\/v2\/users\/1"}],"replies":[{"embeddable":true,"href":"https:\/\/urbanprimeestate.com\/en\/wp-json\/wp\/v2\/comments?post=5707"}],"version-history":[{"count":6,"href":"https:\/\/urbanprimeestate.com\/en\/wp-json\/wp\/v2\/pages\/5707\/revisions"}],"predecessor-version":[{"id":22483,"href":"https:\/\/urbanprimeestate.com\/en\/wp-json\/wp\/v2\/pages\/5707\/revisions\/22483"}],"wp:attachment":[{"href":"https:\/\/urbanprimeestate.com\/en\/wp-json\/wp\/v2\/media?parent=5707"}],"curies":[{"name":"wp","href":"https:\/\/api.w.org\/{rel}","templated":true}]}}